{"id":9102,"date":"2018-05-21T19:06:57","date_gmt":"2018-05-21T17:06:57","guid":{"rendered":"http:\/\/uncommonegg.com\/dayco\/privacy-and-cookie-policy\/"},"modified":"2022-05-09T08:58:49","modified_gmt":"2022-05-09T06:58:49","slug":"privacy-cookie","status":"publish","type":"page","link":"https:\/\/uncommonegg.com\/dayco\/de\/privacy-cookie\/","title":{"rendered":"Privacy and Cookie Policy"},"content":{"rendered":"[vc_row type=&#8220;in_container&#8220; full_screen_row_position=&#8220;middle&#8220; column_margin=&#8220;default&#8220; column_direction=&#8220;default&#8220; column_direction_tablet=&#8220;default&#8220; column_direction_phone=&#8220;default&#8220; scene_position=&#8220;center&#8220; top_padding=&#8220;30&#8243; bottom_padding=&#8220;30&#8243; text_color=&#8220;dark&#8220; text_align=&#8220;left&#8220; row_border_radius=&#8220;none&#8220; row_border_radius_applies=&#8220;bg&#8220; overflow=&#8220;visible&#8220; overlay_strength=&#8220;0.3&#8243; gradient_direction=&#8220;left_to_right&#8220; shape_divider_position=&#8220;bottom&#8220; bg_image_animation=&#8220;none&#8220; shape_type=&#8220;&#8220;][vc_column column_padding=&#8220;no-extra-padding&#8220; column_padding_tablet=&#8220;inherit&#8220; column_padding_phone=&#8220;inherit&#8220; column_padding_position=&#8220;all&#8220; column_element_spacing=&#8220;default&#8220; background_color_opacity=&#8220;1&#8243; background_hover_color_opacity=&#8220;1&#8243; column_shadow=&#8220;none&#8220; column_border_radius=&#8220;none&#8220; column_link_target=&#8220;_self&#8220; column_position=&#8220;default&#8220; gradient_direction=&#8220;left_to_right&#8220; overlay_strength=&#8220;0.3&#8243; width=&#8220;1\/1&#8243; tablet_width_inherit=&#8220;default&#8220; tablet_text_alignment=&#8220;default&#8220; phone_text_alignment=&#8220;default&#8220; animation_type=&#8220;default&#8220; bg_image_animation=&#8220;none&#8220; border_type=&#8220;simple&#8220; column_border_width=&#8220;none&#8220; column_border_style=&#8220;solid&#8220;][vc_column_text css_animation=&#8220;fadeIn&#8220;]\n<h1 style=\"text-align: center;\">Richtlinie zum Datenschutz und zu den Cookies<\/h1>\n[\/vc_column_text][divider line_type=&#8220;No Line&#8220; custom_height=&#8220;30&#8243;][vc_column_text]\n<div style=\"text-align: justify !important;\">\n<p>Dayco, LLC (&#8222;Dayco&#8220;) respektiert die Privatsph\u00e4re der Besucher unserer Website. Diese Erkl\u00e4rung liefern wir \u00fcber unsere Online-Informationspraktiken, unsere &#8222;Privatsph\u00e4re und Cookie-Richtlinie,&#8220; um unsere Verpflichtung zum Schutz Ihrer Privatsph\u00e4re zu demonstrieren.<\/p>\n<p>Die Webseite DAYCO benutzt Cookies und \u00e4hnliche Technologien zur Gew\u00e4hrleistung der Zweckm\u00e4\u00dfigkeit der Prozeduren und zur Verbesserung der Nutzung der Online-Applikationen. Dieses Dokument liefert die detaillierten Informationen zum Einsatz und zur Verwaltung von Cookies und \u00e4hnlichen Technologien bei DAYCO.<\/p>\n<h3>Begriffsbestimmungen<\/h3>\n<p>Cookies sind kurze Textzeichenfolgen (Buchstaben bzw. Zahlen), durch die der Webserver in der Lage ist, Informationen im Client (<em>Browser<\/em>) abzulegen, die beim Besuch der gleichen Webseite (Sessions-Cookies) im gleichen Moment oder auch Tage sp\u00e4ter (permanente Cookies) erneut ben\u00f6tigt werden. Je nach Nutzer spezifischen Einstellungen, werden die Cookies vom einzelnen\u00a0<em>Browser<\/em>\u00a0im spezifisch benutzten Ger\u00e4t (Computer, Tablet, Smartphone) abgespeichert.<br \/>\n\u00c4hnliche Technologien, wie beispielsweise, Web Beacon, transparente GIFs und alle weiteren Formen der lokalen\u00a0<em>Storage<\/em>, die mit HTML5 eingef\u00fchrt wurden, k\u00f6nnen f\u00fcr die Erfassung von Informationen \u00fcber die Gewohnheiten des Verbrauchers und die Nutzung der Dienstleistungen benutzt werden.<\/p>\n<p>Im folgenden Teil dieses Dokuments beziehen wir uns auf die Cookies und auf alle weiteren \u00e4hnlichen Technologien, die wir alle unter dem Begriff \u201eCookie\u201d zusammenfassen.<\/p>\n<h3><strong>Verschiedene Typologien von Cookies<\/strong><\/h3>\n<p>Je nach Eigenschaften und Einsatz der Cookies unterscheiden wir verschiedene Kategorien:<\/p>\n<ul>\n<li><strong>Unbedingt notwendige Cookies<\/strong>. Diese Cookies sind f\u00fcr die korrekte Funktion der Webseite DAYCO erforderlich und dienen f\u00fcr die Verwaltung des Logins und des Zugriffs auf den reservierten Bereich der Webseite. Die Dauer dieser Cookies ist auf die Arbeitssession beschr\u00e4nkt (beim Schlie\u00dfen des\u00a0<em>Browsers<\/em>\u00a0werden sie gel\u00f6scht).<\/li>\n<li><strong>Leistungs- und Analysecookies<\/strong>. Diese Cookies dienen zur anonymen Erfassung und Analysierung des Verkehrs auf der Webseite und des Gebrauchs. Obwohl diese Cookies nichts \u00fcber die Identit\u00e4t des Nutzers aussagen, registrieren sie, wie oft der gleiche Nutzer zu verschiedenen Zeitpunkten auf die Webseite zugreift. Mit diesen Cookies wird das System \u00fcberwacht, um die Leistung und Benutzerfreundlichkeit zu erh\u00f6hen. Wenn diese Cookies deaktiviert werden, ist die Navigierung der Webseite trotzdem m\u00f6glich.<\/li>\n<li><strong>Profilierungscookies<\/strong>. Bei diesen Cookies handelt es sich um permanente Elemente, die die Vorz\u00fcge des Benutzer (auf anonyme und nicht anonyme Weise) identifizieren und so sein Navigationserlebnis verbessern.\u00a0<strong>Die Webseite DAYCO benutzt diese Art von Cookies nicht.<\/strong><\/li>\n<\/ul>\n<h3>Cookies Dritter<\/h3>\n<p>Beim Besuch einer Webseite kann man sowohl Cookies von der besuchten Seite (\u201eInhaber\u201d) als auch von Webseiten anderer Organisationen (\u201eDritter\u201d) erhalten. Ein gutes Beispiel hierf\u00fcr sind die \u201eSocial Plugins\u201d f\u00fcr Facebook, Twitter, Google+ und LinkedIn. Es handelt sich um Teile der besuchten Seite, die direkt aus den genannten Webseiten generiert werden und in die Seite der Gastwebseite integriert sind. Der h\u00e4ufigste Einsatz der\u00a0<em>Social Plugins<\/em>\u00a0dient der Teilung der Inhalte in den Social Networks.<\/p>\n<p>Wenn diese\u00a0<em>Plugins<\/em>\u00a0vorhanden sind, m\u00fcssen die Cookies aus und zu allen von dritten verwalteten Webseiten \u00fcbertragen werden. Die Verwaltung der von \u201eDritten\u201d erfassten Informationen wird von den entsprechenden Informationsschreiben geregelt, die beachtet werden sollten. Um eine bessere Transparenz zu gew\u00e4hrleisten und den Einsatz zu erleichtern, folgen eine Auflistung der verschiedenen Webseiten der Informationsschreiben und die Vorgaben zur Verwaltung von Cookies.<\/p>\n<ul>\n<li>Informationsschreiben f\u00fcr Facebook:\u00a0<a href=\"https:\/\/www.facebook.com\/help\/cookies\/\" target=\"_blank\" rel=\"noopener\">https:\/\/www.facebook.com\/help\/cookies\/<\/a><\/li>\n<li>Facebook (Konfiguration): Zugriff auf den eigenen Account. Abschnitt \u00fcber Datenschutz.<\/li>\n<li>Informationsschreiben f\u00fcr Twitter:\u00a0<a href=\"https:\/\/support.twitter.com\/articles\/20170514\" target=\"_blank\" rel=\"noopener\">https:\/\/support.twitter.com\/articles\/20170514<\/a><\/li>\n<li>Twitter (Konfiguration):\u00a0<a href=\"https:\/\/twitter.com\/settings\/security\" target=\"_blank\" rel=\"noopener\">https:\/\/twitter.com\/settings\/security<\/a><\/li>\n<li>Informationsschreiben f\u00fcr LinkedIn:\u00a0<a href=\"https:\/\/www.linkedin.com\/legal\/cookie-policy\" target=\"_blank\" rel=\"noopener\">https:\/\/www.linkedin.com\/legal\/cookie-policy<\/a><\/li>\n<li>LinkedIn (Konfiguration):\u00a0<a href=\"https:\/\/www.linkedin.com\/settings\/\" target=\"_blank\" rel=\"noopener\">https:\/\/www.linkedin.com\/settings\/<\/a><\/li>\n<li>Informationsschreiben f\u00fcr Google+:\u00a0<a href=\"http:\/\/www.google.de\/intl\/de\/policies\/technologies\/cookies\/\" target=\"_blank\" rel=\"noopener\">http:\/\/www.google.de\/intl\/de\/policies\/technologies\/cookies\/<\/a><\/li>\n<li>Google+ (Konfiguration):\u00a0<a href=\"http:\/\/www.google.de\/intl\/de\/policies\/technologies\/managing\/\" target=\"_blank\" rel=\"noopener\">http:\/\/www.google.de\/intl\/de\/policies\/technologies\/managing\/<\/a><\/li>\n<\/ul>\n<h3>Google Analytics<\/h3>\n<p>Die Webseite DAYCO enth\u00e4lt auch einige Komponenten, die Google Analytics sendet. Es handelt sich um eine Analysefunktion des Verkehrs von Google, Inc. (\u201eGoogle\u201d). Auch in diesem Fall handelt es sich um Cookies Dritter, die anonym erfasst und verwaltet werden, um die Leistungen der Gastwebseite zu \u00fcberwachen und zu verbessern (Leistungscookies).<\/p>\n<p>Google Analytics nutzt die \u201eCookies\u201d f\u00fcr das Erfassen und Analysieren der Daten auf anonyme Weise (gilt auch f\u00fcr die IP-Adresse des Nutzers). Gesammelt werden Informationen \u00fcber das Verhalten beim Navigieren auf der Webseite DAYCO . Diese Informationen werden von Google Analytics erfasst und verarbeitet, um entsprechende Reports f\u00fcr DAYCO zu erstellen. Diese Webseite benutzt aber nicht das Analyseinstrument von Google f\u00fcr die \u00dcberwachung und Erfassung von pers\u00f6nlichen Informationen bzw. Identifikation (und sperrt diese M\u00f6glichkeit auch f\u00fcr Dritte). Google verbindet die IP-Adresse mit keinen weiteren von Google besessenen Daten und versucht auch nicht, eine IP-Adresse einer Identit\u00e4t eines Nutzers zuzuschreiben. Google kann diese Informationen auch Dritten weiterleiten, falls dies gesetzlich vorgeschrieben ist oder falls Dritte diese Informationen im Auftrag von Google verarbeiten.<\/p>\n<p>Weitere Informationen entnehmen Sie dem folgenden Link:<\/p>\n<p><a href=\"https:\/\/www.google.de\/intl\/de\/policies\/privacy\/partners\/\" target=\"_blank\" rel=\"noopener\">https:\/\/www.google.de\/intl\/de\/policies\/privacy\/partners\/<\/a><\/p>\n<p>Der Nutzer kann wahlweise die Einwirkung von Google Analytics deaktivieren, indem er die Komponente\u00a0\u00a0<em>opt-out<\/em>\u00a0von Google in den eigenen\u00a0<em>Browser<\/em>installiert. Zur Deaktivierung der Einwirkung von Google Analytics, gelten die Angaben unter folgendem Link:<\/p>\n<p><a href=\"https:\/\/tools.google.com\/dlpage\/gaoptout\" target=\"_blank\" rel=\"noopener\">https:\/\/tools.google.com\/dlpage\/gaoptout<\/a><\/p>\n<h3>Dauer der Cookies<\/h3>\n<p>Einige Cookies (Session-Cookies) bleiben nur aktiv, so lange das Fenster des\u00a0<em>Browsers<\/em>\u00a0ge\u00f6ffnet bleibt bzw. bis der Nutzer sich\u00a0<em>ausloggt<\/em>. Weitere Cookies \u201e\u00fcberleben\u201d das Schlie\u00dfen des\u00a0<em>Browsers<\/em>\u00a0und stehen dann f\u00fcr nachfolgende Besuche vom Nutzer bereit.<\/p>\n<p>Diese Cookies nennt man permanent und ihre Dauer wird vom Server im Moment ihrer Erstellung bestimmt. In einigen F\u00e4llen gibt es einen F\u00e4lligkeitstermin, in anderen F\u00e4llen nicht.<\/p>\n<p>DAYCO\u00a0<strong>benutzt keine permanenten Cookies<\/strong>.<\/p>\n<h3>Verwaltung von Cookies<\/h3>\n<p>Der Nutzer kann selber entscheiden, ob er Cookies freigeben will oder nicht. Hierzu gibt es einige individuelle\u00a0<em>Browser<\/em>-Einstellungen.<\/p>\n<p><strong>Achtung<\/strong>: Wenn der Einsatz von Cookies teilweise oder total gesperrt wird, kann es geschehen, dass einige Funktionen der Webseite, die den registrierten Benutzern vorbehalten sind, nicht mehr funktionieren. Im Gegensatz dazu, k\u00f6nnen \u00f6ffentliche Inhalte auch dann benutzt werden, wenn der Einsatz der Cookies total gesperrt wurde.<\/p>\n<p>Die Deaktivierung der Cookies durch \u201eDritte\u201d stellt aber keinesfalls die Navigierung in Frage.<\/p>\n<p>Die Einstellung kann spezifisch f\u00fcr die verschiedenen Webseiten und Web-Applikationen eingestellt werden. Die besseren\u00a0<em>Browser<\/em>\u00a0erlauben zudem eine verschiedenartige Einstellung der \u201eInhaber\u201d-Cookies gegen\u00fcber der Cookies \u201eDritter\u201d.<\/p>\n<p>Als reines Beispiel kann man unter Firefox, \u00fcber das Men\u00fc\u00a0<em>Werkzeuge -&gt; Internetoptionen -&gt; Datenschutz<\/em>den Zugriff auf eine Kontrolltabelle erm\u00f6glichen,\u00a0 in der verschiedene Arten von Cookies freigegeben oder gesperrt werden k\u00f6nnen.<\/p>\n<p>Chrome:\u00a0<a href=\"https:\/\/support.google.com\/chrome\/answer\/95647?hl=de\" target=\"_blank\" rel=\"noopener\">https:\/\/support.google.com\/chrome\/answer\/95647?hl=de<\/a><\/p>\n<p>Firefox:\u00a0<a href=\"https:\/\/support.mozilla.org\/de\/kb\/cookies-informationen-websites-auf-ihrem-computer\" target=\"_blank\" rel=\"noopener\">https:\/\/support.mozilla.org\/de\/kb\/cookies-informationen-websites-auf-ihrem-computer<\/a><\/p>\n<p>Internet Explorer:\u00a0<a href=\"https:\/\/support.microsoft.com\/de-de\/kb\/278835\" target=\"_blank\" rel=\"noopener\">https:\/\/support.microsoft.com\/de-de\/kb\/278835<\/a><\/p>\n<p>Opera:\u00a0<a href=\"http:\/\/help.opera.com\/Windows\/10.00\/de\/cookies.html\" target=\"_blank\" rel=\"noopener\">http:\/\/help.opera.com\/Windows\/10.00\/de\/cookies.html<\/a><\/p>\n<p>Safari:\u00a0<a href=\"https:\/\/support.apple.com\/de-de\/HT201265\" target=\"_blank\" rel=\"noopener\">https:\/\/support.apple.com\/de-de\/HT201265<\/a><\/p>\n<h3>Dayco-App-Datenschutzrichtlinie, Allgemeine Gesch\u00e4ftsbedingungen<\/h3>\n<p><a href=\"https:\/\/www.daycoaftermarket.com\/de\/dayco-app-privacy-policy\/\" target=\"_blank\" rel=\"noopener\">Dayco Catalog App Datenschutzrichtlinie mit Gesch\u00e4ftsbedingungen<\/a><\/p>\n<h3>Newsletter und Marketingkampagne<\/h3>\n<p>Wir verwenden Mailchimp als unsere Marketingplattform und werden Ihre Daten mit Respekt behandeln.<\/p>\n<p><a href=\"https:\/\/mailchimp.com\/legal\/terms\" target=\"_blank\" rel=\"noopener\">Erfahre hier mehr \u00fcber die Datenschutzpraktiken von Mailchimp.<\/a><\/p>\n<\/div>\n[\/vc_column_text][\/vc_column][\/vc_row]\n","protected":false},"excerpt":{"rendered":"<p>[vc_row type=&#8220;in_container&#8220; full_screen_row_position=&#8220;middle&#8220; column_margin=&#8220;default&#8220; column_direction=&#8220;default&#8220; column_direction_tablet=&#8220;default&#8220; column_direction_phone=&#8220;default&#8220; scene_position=&#8220;center&#8220; top_padding=&#8220;30&#8243; bottom_padding=&#8220;30&#8243; text_color=&#8220;dark&#8220; text_align=&#8220;left&#8220; row_border_radius=&#8220;none&#8220; row_border_radius_applies=&#8220;bg&#8220; overflow=&#8220;visible&#8220; overlay_strength=&#8220;0.3&#8243; gradient_direction=&#8220;left_to_right&#8220; shape_divider_position=&#8220;bottom&#8220; bg_image_animation=&#8220;none&#8220; shape_type=&#8220;&#8220;][vc_column column_padding=&#8220;no-extra-padding&#8220; column_padding_tablet=&#8220;inherit&#8220; column_padding_phone=&#8220;inherit&#8220; column_padding_position=&#8220;all&#8220; column_element_spacing=&#8220;default&#8220; background_color_opacity=&#8220;1&#8243; background_hover_color_opacity=&#8220;1&#8243; column_shadow=&#8220;none&#8220; column_border_radius=&#8220;none&#8220; column_link_target=&#8220;_self&#8220; column_position=&#8220;default&#8220; gradient_direction=&#8220;left_to_right&#8220; overlay_strength=&#8220;0.3&#8243; width=&#8220;1\/1&#8243; tablet_width_inherit=&#8220;default&#8220; tablet_text_alignment=&#8220;default&#8220; phone_text_alignment=&#8220;default&#8220; animation_type=&#8220;default&#8220; bg_image_animation=&#8220;none&#8220; border_type=&#8220;simple&#8220; column_border_width=&#8220;none&#8220; column_border_style=&#8220;solid&#8220;][vc_column_text css_animation=&#8220;fadeIn&#8220;] Richtlinie zum Datenschutz und zu den Cookies [\/vc_column_text][divider line_type=&#8220;No Line&#8220; custom_height=&#8220;30&#8243;][vc_column_text] Dayco, LLC (&#8222;Dayco&#8220;) respektiert die Privatsph\u00e4re der Besucher unserer Website. Diese&#8230;<\/p>\n","protected":false},"author":1,"featured_media":0,"parent":0,"menu_order":0,"comment_status":"closed","ping_status":"closed","template":"template-transparent-header.php","meta":{"footnotes":""},"yoast_head":"<!-- This site is optimized with the Yoast SEO plugin v22.4 - https:\/\/yoast.com\/wordpress\/plugins\/seo\/ -->\n<title>Privacy and Cookie Policy | Propulsion Solutions<\/title>\n<meta name=\"robots\" content=\"noindex, follow, max-snippet:-1, max-image-preview:large, max-video-preview:-1\" \/>\n<meta property=\"og:locale\" content=\"de_DE\" \/>\n<meta property=\"og:type\" content=\"article\" \/>\n<meta property=\"og:title\" content=\"Privacy and Cookie Policy | Propulsion Solutions\" \/>\n<meta property=\"og:description\" content=\"[vc_row type=&#8220;in_container&#8220; full_screen_row_position=&#8220;middle&#8220; column_margin=&#8220;default&#8220; column_direction=&#8220;default&#8220; column_direction_tablet=&#8220;default&#8220; column_direction_phone=&#8220;default&#8220; scene_position=&#8220;center&#8220; top_padding=&#8220;30&#8243; bottom_padding=&#8220;30&#8243; text_color=&#8220;dark&#8220; text_align=&#8220;left&#8220; row_border_radius=&#8220;none&#8220; row_border_radius_applies=&#8220;bg&#8220; overflow=&#8220;visible&#8220; overlay_strength=&#8220;0.3&#8243; gradient_direction=&#8220;left_to_right&#8220; shape_divider_position=&#8220;bottom&#8220; bg_image_animation=&#8220;none&#8220; shape_type=&#8220;&#8220;][vc_column column_padding=&#8220;no-extra-padding&#8220; column_padding_tablet=&#8220;inherit&#8220; column_padding_phone=&#8220;inherit&#8220; column_padding_position=&#8220;all&#8220; column_element_spacing=&#8220;default&#8220; background_color_opacity=&#8220;1&#8243; background_hover_color_opacity=&#8220;1&#8243; column_shadow=&#8220;none&#8220; column_border_radius=&#8220;none&#8220; column_link_target=&#8220;_self&#8220; column_position=&#8220;default&#8220; gradient_direction=&#8220;left_to_right&#8220; overlay_strength=&#8220;0.3&#8243; width=&#8220;1\/1&#8243; tablet_width_inherit=&#8220;default&#8220; tablet_text_alignment=&#8220;default&#8220; phone_text_alignment=&#8220;default&#8220; animation_type=&#8220;default&#8220; bg_image_animation=&#8220;none&#8220; border_type=&#8220;simple&#8220; column_border_width=&#8220;none&#8220; column_border_style=&#8220;solid&#8220;][vc_column_text css_animation=&#8220;fadeIn&#8220;] Richtlinie zum Datenschutz und zu den Cookies [\/vc_column_text][divider line_type=&#8220;No Line&#8220; custom_height=&#8220;30&#8243;][vc_column_text] Dayco, LLC (&#8222;Dayco&#8220;) respektiert die Privatsph\u00e4re der Besucher unserer Website. Diese...\" \/>\n<meta property=\"og:url\" content=\"https:\/\/uncommonegg.com\/dayco\/de\/privacy-cookie\/\" \/>\n<meta property=\"og:site_name\" content=\"Propulsion Solutions\" \/>\n<meta property=\"article:publisher\" content=\"https:\/\/www.facebook.com\/DaycoOfficial\/\" \/>\n<meta property=\"article:modified_time\" content=\"2022-05-09T06:58:49+00:00\" \/>\n<meta property=\"og:image\" content=\"https:\/\/uncommonegg.com\/dayco\/wp-content\/uploads\/2024\/01\/PS-Logo-SEO2.jpg\" \/>\n\t<meta property=\"og:image:width\" content=\"696\" \/>\n\t<meta property=\"og:image:height\" content=\"696\" \/>\n\t<meta property=\"og:image:type\" content=\"image\/jpeg\" \/>\n<meta name=\"twitter:card\" content=\"summary_large_image\" \/>\n<meta name=\"twitter:site\" content=\"@DaycoOfficial\" \/>\n<meta name=\"twitter:label1\" content=\"Gesch\u00e4tzte Lesezeit\" \/>\n\t<meta name=\"twitter:data1\" content=\"5\u00a0Minuten\" \/>\n<script type=\"application\/ld+json\" class=\"yoast-schema-graph\">{\"@context\":\"https:\/\/schema.org\",\"@graph\":[{\"@type\":\"WebPage\",\"@id\":\"https:\/\/uncommonegg.com\/dayco\/de\/privacy-cookie\/\",\"url\":\"https:\/\/uncommonegg.com\/dayco\/de\/privacy-cookie\/\",\"name\":\"Privacy and Cookie Policy | Propulsion Solutions\",\"isPartOf\":{\"@id\":\"https:\/\/uncommonegg.com\/dayco\/de\/#website\"},\"datePublished\":\"2018-05-21T17:06:57+00:00\",\"dateModified\":\"2022-05-09T06:58:49+00:00\",\"breadcrumb\":{\"@id\":\"https:\/\/uncommonegg.com\/dayco\/de\/privacy-cookie\/#breadcrumb\"},\"inLanguage\":\"de\",\"potentialAction\":[{\"@type\":\"ReadAction\",\"target\":[\"https:\/\/uncommonegg.com\/dayco\/de\/privacy-cookie\/\"]}]},{\"@type\":\"BreadcrumbList\",\"@id\":\"https:\/\/uncommonegg.com\/dayco\/de\/privacy-cookie\/#breadcrumb\",\"itemListElement\":[{\"@type\":\"ListItem\",\"position\":1,\"name\":\"Startseite\",\"item\":\"https:\/\/uncommonegg.com\/dayco\/de\/home\/\"},{\"@type\":\"ListItem\",\"position\":2,\"name\":\"Privacy and Cookie Policy\"}]},{\"@type\":\"WebSite\",\"@id\":\"https:\/\/uncommonegg.com\/dayco\/de\/#website\",\"url\":\"https:\/\/uncommonegg.com\/dayco\/de\/\",\"name\":\"Propulsion Solutions\",\"description\":\"Move Forward. Always.\u2122\",\"publisher\":{\"@id\":\"https:\/\/uncommonegg.com\/dayco\/de\/#organization\"},\"alternateName\":\"Propulsion Solutions\",\"potentialAction\":[{\"@type\":\"SearchAction\",\"target\":{\"@type\":\"EntryPoint\",\"urlTemplate\":\"https:\/\/uncommonegg.com\/dayco\/de\/?s={search_term_string}\"},\"query-input\":\"required name=search_term_string\"}],\"inLanguage\":\"de\"},{\"@type\":\"Organization\",\"@id\":\"https:\/\/uncommonegg.com\/dayco\/de\/#organization\",\"name\":\"Dayco Corporate\",\"alternateName\":\"Propulsion Solutions\",\"url\":\"https:\/\/uncommonegg.com\/dayco\/de\/\",\"logo\":{\"@type\":\"ImageObject\",\"inLanguage\":\"de\",\"@id\":\"https:\/\/uncommonegg.com\/dayco\/de\/#\/schema\/logo\/image\/\",\"url\":\"http:\/\/uncommonegg.com\/dayco\/wp-content\/uploads\/2024\/01\/PS-Logo-SEO2.jpg\",\"contentUrl\":\"http:\/\/uncommonegg.com\/dayco\/wp-content\/uploads\/2024\/01\/PS-Logo-SEO2.jpg\",\"width\":696,\"height\":696,\"caption\":\"Dayco Corporate\"},\"image\":{\"@id\":\"https:\/\/uncommonegg.com\/dayco\/de\/#\/schema\/logo\/image\/\"},\"sameAs\":[\"https:\/\/www.facebook.com\/DaycoOfficial\/\",\"https:\/\/twitter.com\/DaycoOfficial\",\"https:\/\/www.instagram.com\/daycoofficial\/\",\"https:\/\/www.linkedin.com\/company\/daycoofficial\/\",\"https:\/\/www.youtube.com\/DaycoOfficial\",\"https:\/\/en.wikipedia.org\/wiki\/Dayco\"]}]}<\/script>\n<!-- \/ Yoast SEO plugin. -->","yoast_head_json":{"title":"Privacy and Cookie Policy | Propulsion Solutions","robots":{"index":"noindex","follow":"follow","max-snippet":"max-snippet:-1","max-image-preview":"max-image-preview:large","max-video-preview":"max-video-preview:-1"},"og_locale":"de_DE","og_type":"article","og_title":"Privacy and Cookie Policy | Propulsion Solutions","og_description":"[vc_row type=&#8220;in_container&#8220; full_screen_row_position=&#8220;middle&#8220; column_margin=&#8220;default&#8220; column_direction=&#8220;default&#8220; column_direction_tablet=&#8220;default&#8220; column_direction_phone=&#8220;default&#8220; scene_position=&#8220;center&#8220; top_padding=&#8220;30&#8243; bottom_padding=&#8220;30&#8243; text_color=&#8220;dark&#8220; text_align=&#8220;left&#8220; row_border_radius=&#8220;none&#8220; row_border_radius_applies=&#8220;bg&#8220; overflow=&#8220;visible&#8220; overlay_strength=&#8220;0.3&#8243; gradient_direction=&#8220;left_to_right&#8220; shape_divider_position=&#8220;bottom&#8220; bg_image_animation=&#8220;none&#8220; shape_type=&#8220;&#8220;][vc_column column_padding=&#8220;no-extra-padding&#8220; column_padding_tablet=&#8220;inherit&#8220; column_padding_phone=&#8220;inherit&#8220; column_padding_position=&#8220;all&#8220; column_element_spacing=&#8220;default&#8220; background_color_opacity=&#8220;1&#8243; background_hover_color_opacity=&#8220;1&#8243; column_shadow=&#8220;none&#8220; column_border_radius=&#8220;none&#8220; column_link_target=&#8220;_self&#8220; column_position=&#8220;default&#8220; gradient_direction=&#8220;left_to_right&#8220; overlay_strength=&#8220;0.3&#8243; width=&#8220;1\/1&#8243; tablet_width_inherit=&#8220;default&#8220; tablet_text_alignment=&#8220;default&#8220; phone_text_alignment=&#8220;default&#8220; animation_type=&#8220;default&#8220; bg_image_animation=&#8220;none&#8220; border_type=&#8220;simple&#8220; column_border_width=&#8220;none&#8220; column_border_style=&#8220;solid&#8220;][vc_column_text css_animation=&#8220;fadeIn&#8220;] Richtlinie zum Datenschutz und zu den Cookies [\/vc_column_text][divider line_type=&#8220;No Line&#8220; custom_height=&#8220;30&#8243;][vc_column_text] Dayco, LLC (&#8222;Dayco&#8220;) respektiert die Privatsph\u00e4re der Besucher unserer Website. Diese...","og_url":"https:\/\/uncommonegg.com\/dayco\/de\/privacy-cookie\/","og_site_name":"Propulsion Solutions","article_publisher":"https:\/\/www.facebook.com\/DaycoOfficial\/","article_modified_time":"2022-05-09T06:58:49+00:00","og_image":[{"width":696,"height":696,"url":"https:\/\/uncommonegg.com\/dayco\/wp-content\/uploads\/2024\/01\/PS-Logo-SEO2.jpg","type":"image\/jpeg"}],"twitter_card":"summary_large_image","twitter_site":"@DaycoOfficial","twitter_misc":{"Gesch\u00e4tzte Lesezeit":"5\u00a0Minuten"},"schema":{"@context":"https:\/\/schema.org","@graph":[{"@type":"WebPage","@id":"https:\/\/uncommonegg.com\/dayco\/de\/privacy-cookie\/","url":"https:\/\/uncommonegg.com\/dayco\/de\/privacy-cookie\/","name":"Privacy and Cookie Policy | Propulsion Solutions","isPartOf":{"@id":"https:\/\/uncommonegg.com\/dayco\/de\/#website"},"datePublished":"2018-05-21T17:06:57+00:00","dateModified":"2022-05-09T06:58:49+00:00","breadcrumb":{"@id":"https:\/\/uncommonegg.com\/dayco\/de\/privacy-cookie\/#breadcrumb"},"inLanguage":"de","potentialAction":[{"@type":"ReadAction","target":["https:\/\/uncommonegg.com\/dayco\/de\/privacy-cookie\/"]}]},{"@type":"BreadcrumbList","@id":"https:\/\/uncommonegg.com\/dayco\/de\/privacy-cookie\/#breadcrumb","itemListElement":[{"@type":"ListItem","position":1,"name":"Startseite","item":"https:\/\/uncommonegg.com\/dayco\/de\/home\/"},{"@type":"ListItem","position":2,"name":"Privacy and Cookie Policy"}]},{"@type":"WebSite","@id":"https:\/\/uncommonegg.com\/dayco\/de\/#website","url":"https:\/\/uncommonegg.com\/dayco\/de\/","name":"Propulsion Solutions","description":"Move Forward. Always.\u2122","publisher":{"@id":"https:\/\/uncommonegg.com\/dayco\/de\/#organization"},"alternateName":"Propulsion Solutions","potentialAction":[{"@type":"SearchAction","target":{"@type":"EntryPoint","urlTemplate":"https:\/\/uncommonegg.com\/dayco\/de\/?s={search_term_string}"},"query-input":"required name=search_term_string"}],"inLanguage":"de"},{"@type":"Organization","@id":"https:\/\/uncommonegg.com\/dayco\/de\/#organization","name":"Dayco Corporate","alternateName":"Propulsion Solutions","url":"https:\/\/uncommonegg.com\/dayco\/de\/","logo":{"@type":"ImageObject","inLanguage":"de","@id":"https:\/\/uncommonegg.com\/dayco\/de\/#\/schema\/logo\/image\/","url":"http:\/\/uncommonegg.com\/dayco\/wp-content\/uploads\/2024\/01\/PS-Logo-SEO2.jpg","contentUrl":"http:\/\/uncommonegg.com\/dayco\/wp-content\/uploads\/2024\/01\/PS-Logo-SEO2.jpg","width":696,"height":696,"caption":"Dayco Corporate"},"image":{"@id":"https:\/\/uncommonegg.com\/dayco\/de\/#\/schema\/logo\/image\/"},"sameAs":["https:\/\/www.facebook.com\/DaycoOfficial\/","https:\/\/twitter.com\/DaycoOfficial","https:\/\/www.instagram.com\/daycoofficial\/","https:\/\/www.linkedin.com\/company\/daycoofficial\/","https:\/\/www.youtube.com\/DaycoOfficial","https:\/\/en.wikipedia.org\/wiki\/Dayco"]}]}},"_links":{"self":[{"href":"https:\/\/uncommonegg.com\/dayco\/de\/wp-json\/wp\/v2\/pages\/9102"}],"collection":[{"href":"https:\/\/uncommonegg.com\/dayco\/de\/wp-json\/wp\/v2\/pages"}],"about":[{"href":"https:\/\/uncommonegg.com\/dayco\/de\/wp-json\/wp\/v2\/types\/page"}],"author":[{"embeddable":true,"href":"https:\/\/uncommonegg.com\/dayco\/de\/wp-json\/wp\/v2\/users\/1"}],"replies":[{"embeddable":true,"href":"https:\/\/uncommonegg.com\/dayco\/de\/wp-json\/wp\/v2\/comments?post=9102"}],"version-history":[{"count":0,"href":"https:\/\/uncommonegg.com\/dayco\/de\/wp-json\/wp\/v2\/pages\/9102\/revisions"}],"wp:attachment":[{"href":"https:\/\/uncommonegg.com\/dayco\/de\/wp-json\/wp\/v2\/media?parent=9102"}],"curies":[{"name":"wp","href":"https:\/\/api.w.org\/{rel}","templated":true}]}}